{"id":733,"date":"2025-10-29T16:07:57","date_gmt":"2025-10-29T19:07:57","guid":{"rendered":"https:\/\/contabeiseadicm.uff.br\/?page_id=733"},"modified":"2025-10-29T16:07:57","modified_gmt":"2025-10-29T19:07:57","slug":"polo-de-rio-bonito","status":"publish","type":"page","link":"https:\/\/contabeiseadicm.uff.br\/?page_id=733","title":{"rendered":"POLO DE RIO BONITO"},"content":{"rendered":"<p><strong>Local<\/strong>: C. M. Dr. Ast\u00e9rio Alves de Mendon\u00e7a<\/p>\n<p><strong>Endere\u00e7o<\/strong>: Rodovia BR 101\/km 265 \u2013 Pra\u00e7a Cruzeiro<\/p>\n<p><strong>Telefone<\/strong>: (21) 3634-4081<\/p>\n<p><strong>Email<\/strong>: polo-riobonito@cecierj.edu.br<\/p>\n","protected":false},"excerpt":{"rendered":"<p>Local: C. M. Dr. Ast\u00e9rio Alves de Mendon\u00e7a Endere\u00e7o: Rodovia BR 101\/km 265 \u2013 Pra\u00e7a Cruzeiro Telefone: (21) 3634-4081 Email: polo-riobonito@cecierj.edu.br<\/p>\n","protected":false},"author":30,"featured_media":0,"parent":0,"menu_order":0,"comment_status":"closed","ping_status":"closed","template":"","meta":{"_et_pb_use_builder":"","_et_pb_old_content":"","_et_gb_content_width":"","footnotes":""},"class_list":["post-733","page","type-page","status-publish","hentry"],"_links":{"self":[{"href":"https:\/\/contabeiseadicm.uff.br\/index.php?rest_route=\/wp\/v2\/pages\/733","targetHints":{"allow":["GET"]}}],"collection":[{"href":"https:\/\/contabeiseadicm.uff.br\/index.php?rest_route=\/wp\/v2\/pages"}],"about":[{"href":"https:\/\/contabeiseadicm.uff.br\/index.php?rest_route=\/wp\/v2\/types\/page"}],"author":[{"embeddable":true,"href":"https:\/\/contabeiseadicm.uff.br\/index.php?rest_route=\/wp\/v2\/users\/30"}],"replies":[{"embeddable":true,"href":"https:\/\/contabeiseadicm.uff.br\/index.php?rest_route=%2Fwp%2Fv2%2Fcomments&post=733"}],"version-history":[{"count":1,"href":"https:\/\/contabeiseadicm.uff.br\/index.php?rest_route=\/wp\/v2\/pages\/733\/revisions"}],"predecessor-version":[{"id":734,"href":"https:\/\/contabeiseadicm.uff.br\/index.php?rest_route=\/wp\/v2\/pages\/733\/revisions\/734"}],"wp:attachment":[{"href":"https:\/\/contabeiseadicm.uff.br\/index.php?rest_route=%2Fwp%2Fv2%2Fmedia&parent=733"}],"curies":[{"name":"wp","href":"https:\/\/api.w.org\/{rel}","templated":true}]}}